{"id":108,"date":"2010-09-19T11:21:05","date_gmt":"2010-09-19T09:21:05","guid":{"rendered":"http:\/\/www.filmfacts.de\/blog\/"},"modified":"2010-12-05T20:46:49","modified_gmt":"2010-12-05T18:46:49","slug":"impressum","status":"publish","type":"page","link":"https:\/\/www.filmfacts.de\/blog\/impressum\/","title":{"rendered":"Impressum"},"content":{"rendered":"<h3>Impressum<\/h3>\n<p><strong>Verantwortlich f\u00fcr diese Seite:<\/strong><br \/>\nAndreas Edler<br \/>\nD\u00f6rgen 35<br \/>\n32549 Bad Oeynhausen<br \/>\n<a href=\"mailto:andreas@filmfacts.de\">andreas@filmfacts.de<\/a><br \/>\nTel.: 0049 5731 259818<\/p>\n<p>Anrufe mit unterdr\u00fcckter Rufnummer werden automatisch abgelehnt. Wer etwas von mir m\u00f6chte, sollte seine Nummer nicht verstecken. Ich habe so au\u00dferdem die M\u00f6glichkeit zur\u00fcck zu rufen falls ich mal nicht erreichbar bin.<br \/>\nBevorzugter Kommunikationsweg ist allerdings die eMail.<\/p>\n<p>Falls mir jemand was Gutes tun will: <a href=\"http:\/\/www.amazon.de\/gp\/registry\/wishlist\/1K3UTE0ROE579\/\">mein Amazon Wunschzettel<\/a><\/p>\n<h4>Erkl\u00e4rungen und Haftungsausschlu\u00df<\/h4>\n<p><strong>Copyright\/Urheberrecht:<\/strong> Diese Site verfolgt keinerlei komerzielle Zwecke. Alle auf dieser Seite ver\u00f6ffentlichten Texte stammen ausschlie\u00dflich aus meiner Feder (falls nicht, ist dies jeweils besonders gekennzeichnet). Vor dem &#8211; auch auszugsweisen &#8211; Ver\u00f6ffentlichen meiner Texte bitte kurz nachfragen. Ich habe i.d.R. nichts dagegen, sofern ein klickbarer Link an prominenter Stelle der Ver\u00f6ffentlichung angebracht ist.<\/p>\n<p><strong>Images\/Bilder:<\/strong> Die in &#8222;filmfacts&#8220; verwendeten Bilder und Grafiken unterliegen &#8211; sofern nicht anders angegeben &#8211; dem Copyright des jeweiligen Lizenzinhabers. Dies sind insbesondere Bilder und Grafiken aus Webangeboten der Filmverleiher und Videoanbieter. Ver\u00f6ffentlichungen im Rahmen von &#8222;filmfacts&#8220; dienen nicht dazu diese Rechte zu schm\u00e4lern, sondern unterst\u00fctzen nur die Promotiont\u00e4tigkeit des betreffenden Filmes. Eventuelle Eigentumrechtsverletzungen sind nicht beabsichtigt. Gegebenenfalls bitte ich um Mitteilung, damit eine sofortige \u00c4nderung unseres Angebotes erfolgen kann. Eine Speicherung der Bilder und gewerbsm\u00e4\u00dfige Verwendung ist ohne Zustimmung des Lizenzinhabers strikt untersagt.<\/p>\n<p><strong>Links:<\/strong> &#8222;filmfacts&#8220; linkt auf andere Seiten. Zum Zeitpunkt der Linklegung ist jeder Link meines Wissens nicht strafrechtlich relevant gewesen. Tats\u00e4chlich lebt das Netz von Ver\u00e4nderung &#8211; so k\u00f6nnen sich auch die von mir verlinkten Seiten ver\u00e4ndern. Aufgrund der Anzahl der Links sehe ich mich au\u00dferstande, diese t\u00e4glich zu kontrollieren. Nat\u00fcrlich liegt mir nichts ferner, als strafrechtlich relevante Inhalte durch Links zu bewerben. Sollte ich durch solche Umst\u00e4nde auf nicht ganz koschere Seiten verlinken, versichere ich, dass ich diesen Inhalten nicht zustimme und mir diese Ansichten auch nicht zu eigen mache. Ich bitte daher um umgehende Mitteilung, damit ich die entsprechenden Links entfernen kann. <\/p>\n<p><strong>Partnerprogramme:<\/strong><br \/>\nwww.filmfacts.de ist Teilnehmer des Partnerprogramms von Amazon Europe S.\u00e0 r.l., einem Partnerwerbeprogramm, das f\u00fcr Websites konzipiert wurde, mittels dessen durch die Platzierung von Werbeanzeigen und Links zu amazon.co.uk \/ Javari.co.uk \/ amazon.de \/ amazon.fr \/ Javari.fr \/ amazon.it Werbekostenerstattungen verdient werden k\u00f6nnen.<\/p>\n<p><strong>Spam:<\/strong>  T\u00e4glich \u00fcberschwemmen hunderte unerw\u00fcnschte Mails die Postf\u00e4cher der User. Dabei benutzen die Spammer nat\u00fcrlich aus naheliegenden Gr\u00fcnden meist nicht die eigenen Mailadressen, sondern bedienen sich fremder Adressen. Auch meine Adresse andreas@filmfacts.de wird von Zeit zu Zeit als Absender mi\u00dfbraucht &#8211; klar, je \u00f6fter man die Adresse benutzt, desto bekannter wird sie &#8211; auch bei Spammern.<\/p>\n<p>Ich weise hier ausdr\u00fccklich darauf hin, dass ich selbstredend keinen rechtsradikalen Spam, keine Viren, keine Werbung oder sonstigen Schmonzens versende. Die einzige &#8222;Massenmail&#8220; die hier ab und zu rausgeht, ist mein Newsletter. Hierf\u00fcr mu\u00df man sich ausschlie\u00dflich per Double-OptIn anmelden. Sollte also jemand durch Massenmails mit meinem Absender bel\u00e4stigt werden, so ist das zwar nervig &#8211; aber am meisten f\u00fcr mich! \u00c4ndern kann ich es leider nicht! <\/p>\n","protected":false},"excerpt":{"rendered":"<p>Impressum Verantwortlich f\u00fcr diese Seite: Andreas Edler D\u00f6rgen 35 32549 Bad Oeynhausen andreas@filmfacts.de Tel.: 0049 5731 259818 Anrufe mit unterdr\u00fcckter Rufnummer werden automatisch abgelehnt. Wer etwas von mir m\u00f6chte, sollte seine Nummer nicht verstecken. Ich habe so au\u00dferdem die M\u00f6glichkeit zur\u00fcck zu rufen falls ich mal nicht erreichbar bin. Bevorzugter Kommunikationsweg ist allerdings die eMail.\u2026 <span class=\"read-more\"><a href=\"https:\/\/www.filmfacts.de\/blog\/impressum\/\">Weiterlesen &raquo;<\/a><\/span><\/p>\n","protected":false},"author":1,"featured_media":0,"parent":0,"menu_order":0,"comment_status":"open","ping_status":"open","template":"","meta":{"footnotes":""},"class_list":["post-108","page","type-page","status-publish","hentry"],"_links":{"self":[{"href":"https:\/\/www.filmfacts.de\/blog\/wp-json\/wp\/v2\/pages\/108","targetHints":{"allow":["GET"]}}],"collection":[{"href":"https:\/\/www.filmfacts.de\/blog\/wp-json\/wp\/v2\/pages"}],"about":[{"href":"https:\/\/www.filmfacts.de\/blog\/wp-json\/wp\/v2\/types\/page"}],"author":[{"embeddable":true,"href":"https:\/\/www.filmfacts.de\/blog\/wp-json\/wp\/v2\/users\/1"}],"replies":[{"embeddable":true,"href":"https:\/\/www.filmfacts.de\/blog\/wp-json\/wp\/v2\/comments?post=108"}],"version-history":[{"count":8,"href":"https:\/\/www.filmfacts.de\/blog\/wp-json\/wp\/v2\/pages\/108\/revisions"}],"predecessor-version":[{"id":138,"href":"https:\/\/www.filmfacts.de\/blog\/wp-json\/wp\/v2\/pages\/108\/revisions\/138"}],"wp:attachment":[{"href":"https:\/\/www.filmfacts.de\/blog\/wp-json\/wp\/v2\/media?parent=108"}],"curies":[{"name":"wp","href":"https:\/\/api.w.org\/{rel}","templated":true}]}}